{"id":1530,"date":"2022-11-29T10:32:40","date_gmt":"2022-11-29T09:32:40","guid":{"rendered":"https:\/\/nuovotraduttoreletterario.com\/languages\/translation-in-french\/"},"modified":"2023-01-30T13:37:27","modified_gmt":"2023-01-30T12:37:27","slug":"translation-in-french","status":"publish","type":"page","link":"https:\/\/nuovotraduttoreletterario.com\/en\/languages\/translation-in-french\/","title":{"rendered":"French translations"},"content":{"rendered":"\t\t<div data-elementor-type=\"wp-page\" data-elementor-id=\"1530\" class=\"elementor elementor-1530 elementor-1042\" data-elementor-post-type=\"page\">\n\t\t\t\t\t\t<section class=\"elementor-section elementor-top-section elementor-element elementor-element-7ddad5a elementor-section-full_width elementor-section-height-default elementor-section-height-default\" data-id=\"7ddad5a\" data-element_type=\"section\" data-e-type=\"section\" data-settings=\"{&quot;background_background&quot;:&quot;classic&quot;,&quot;shape_divider_bottom&quot;:&quot;mountains&quot;,&quot;background_motion_fx_motion_fx_scrolling&quot;:&quot;yes&quot;,&quot;background_motion_fx_scale_effect&quot;:&quot;yes&quot;,&quot;background_motion_fx_scale_speed&quot;:{&quot;unit&quot;:&quot;px&quot;,&quot;size&quot;:10,&quot;sizes&quot;:[]},&quot;background_motion_fx_scale_range&quot;:{&quot;unit&quot;:&quot;%&quot;,&quot;size&quot;:&quot;&quot;,&quot;sizes&quot;:{&quot;start&quot;:40,&quot;end&quot;:100}},&quot;background_motion_fx_devices&quot;:[&quot;desktop&quot;],&quot;background_motion_fx_scale_direction&quot;:&quot;out-in&quot;}\">\n\t\t\t\t\t\t\t<div class=\"elementor-background-overlay\"><\/div>\n\t\t\t\t\t\t<div class=\"elementor-shape elementor-shape-bottom\" aria-hidden=\"true\" data-negative=\"false\">\n\t\t\t<svg xmlns=\"http:\/\/www.w3.org\/2000\/svg\" viewBox=\"0 0 1000 100\" preserveAspectRatio=\"none\">\n\t<path class=\"elementor-shape-fill\" opacity=\"0.33\" d=\"M473,67.3c-203.9,88.3-263.1-34-320.3,0C66,119.1,0,59.7,0,59.7V0h1000v59.7 c0,0-62.1,26.1-94.9,29.3c-32.8,3.3-62.8-12.3-75.8-22.1C806,49.6,745.3,8.7,694.9,4.7S492.4,59,473,67.3z\"\/>\n\t<path class=\"elementor-shape-fill\" opacity=\"0.66\" d=\"M734,67.3c-45.5,0-77.2-23.2-129.1-39.1c-28.6-8.7-150.3-10.1-254,39.1 s-91.7-34.4-149.2,0C115.7,118.3,0,39.8,0,39.8V0h1000v36.5c0,0-28.2-18.5-92.1-18.5C810.2,18.1,775.7,67.3,734,67.3z\"\/>\n\t<path class=\"elementor-shape-fill\" d=\"M766.1,28.9c-200-57.5-266,65.5-395.1,19.5C242,1.8,242,5.4,184.8,20.6C128,35.8,132.3,44.9,89.9,52.5C28.6,63.7,0,0,0,0 h1000c0,0-9.9,40.9-83.6,48.1S829.6,47,766.1,28.9z\"\/>\n<\/svg>\t\t<\/div>\n\t\t\t\t\t<div class=\"elementor-container elementor-column-gap-default\">\n\t\t\t\t\t<div class=\"elementor-column elementor-col-100 elementor-top-column elementor-element elementor-element-a9f3c4b\" data-id=\"a9f3c4b\" data-element_type=\"column\" data-e-type=\"column\">\n\t\t\t<div class=\"elementor-widget-wrap elementor-element-populated\">\n\t\t\t\t\t\t\t<\/div>\n\t\t<\/div>\n\t\t\t\t\t<\/div>\n\t\t<\/section>\n\t\t\t\t<section class=\"elementor-section elementor-top-section elementor-element elementor-element-08106fd elementor-section-full_width elementor-section-height-default elementor-section-height-default\" data-id=\"08106fd\" data-element_type=\"section\" data-e-type=\"section\">\n\t\t\t\t\t\t<div class=\"elementor-container elementor-column-gap-default\">\n\t\t\t\t\t<div class=\"elementor-column elementor-col-100 elementor-top-column elementor-element elementor-element-3b494e7\" data-id=\"3b494e7\" data-element_type=\"column\" data-e-type=\"column\">\n\t\t\t<div class=\"elementor-widget-wrap elementor-element-populated\">\n\t\t\t\t\t\t<div class=\"elementor-element elementor-element-a000630 elementor-widget elementor-widget-text-editor\" data-id=\"a000630\" data-element_type=\"widget\" data-e-type=\"widget\" data-widget_type=\"text-editor.default\">\n\t\t\t\t<div class=\"elementor-widget-container\">\n\t\t\t\t\t\t\t\t\t<p><a href=\"https:\/\/nuovotraduttoreletterario.com\/en\/\">Home<\/a> \u00bb <a href=\"https:\/\/nuovotraduttoreletterario.com\/en\/languages\/\">Languages<\/a> \u00bb French translations<\/p>\n\t\t\t\t\t\t\t\t<\/div>\n\t\t\t\t<\/div>\n\t\t\t\t<div class=\"elementor-element elementor-element-7ad9ff1 elementor-widget elementor-widget-text-editor\" data-id=\"7ad9ff1\" data-element_type=\"widget\" data-e-type=\"widget\" data-widget_type=\"text-editor.default\">\n\t\t\t\t<div class=\"elementor-widget-container\">\n\t\t\t\t\t\t\t\t\t<p>We translate and adapt specific texts and audio into and from French in all sectors, from translation for publishers, to art, non-fiction, tourism, architecture, children\u2019s literature and transcreation, in addition to the main editorial services such as revision, editing and proofreading.<\/p>\n\t\t\t\t\t\t\t\t<\/div>\n\t\t\t\t<\/div>\n\t\t\t\t\t<\/div>\n\t\t<\/div>\n\t\t\t\t\t<\/div>\n\t\t<\/section>\n\t\t\t\t<section class=\"elementor-section elementor-top-section elementor-element elementor-element-cbe2abc elementor-section-full_width elementor-section-height-default elementor-section-height-default\" data-id=\"cbe2abc\" data-element_type=\"section\" data-e-type=\"section\">\n\t\t\t\t\t\t<div class=\"elementor-container elementor-column-gap-wide\">\n\t\t\t\t\t<div class=\"elementor-column elementor-col-50 elementor-top-column elementor-element elementor-element-ea1765c\" data-id=\"ea1765c\" data-element_type=\"column\" data-e-type=\"column\">\n\t\t\t<div class=\"elementor-widget-wrap elementor-element-populated\">\n\t\t\t\t\t\t<div class=\"elementor-element elementor-element-3ac8634 elementor-widget elementor-widget-heading\" data-id=\"3ac8634\" data-element_type=\"widget\" data-e-type=\"widget\" data-widget_type=\"heading.default\">\n\t\t\t\t<div class=\"elementor-widget-container\">\n\t\t\t\t\t<h2 class=\"elementor-heading-title elementor-size-default\">Italian-French translation agency and vice versa<\/h2>\t\t\t\t<\/div>\n\t\t\t\t<\/div>\n\t\t\t\t<div class=\"elementor-element elementor-element-a52a95f elementor-widget elementor-widget-text-editor\" data-id=\"a52a95f\" data-element_type=\"widget\" data-e-type=\"widget\" data-widget_type=\"text-editor.default\">\n\t\t\t\t<div class=\"elementor-widget-container\">\n\t\t\t\t\t\t\t\t\t\n          <p>\n            <strong>Consistent quality French translations constantly require linguistic experience and expertise in the subject.<\/strong>\n          <\/p>\n          \n\n          <p>Our team of native French-speaking translators and bilingual experts specialise in translating both into and from French to improve localization effectiveness.<\/p>\n          \n\n          <p>Our translators work on content from French into English, French into Italian, French into Spanish, French into German and French into Portuguese, as well as Italian into French, German into French, English into French and Spanish into French.<\/p>\n          \n\n          <p> <\/p>\n          \n\n          <p>\n            \n            \n            \n            \n            \n          <\/p>\n        \t\t\t\t\t\t\t\t<\/div>\n\t\t\t\t<\/div>\n\t\t\t\t\t<\/div>\n\t\t<\/div>\n\t\t\t\t<div class=\"elementor-column elementor-col-50 elementor-top-column elementor-element elementor-element-01a2d6b\" data-id=\"01a2d6b\" data-element_type=\"column\" data-e-type=\"column\">\n\t\t\t<div class=\"elementor-widget-wrap elementor-element-populated\">\n\t\t\t\t\t\t<div class=\"elementor-element elementor-element-1cb02b5 elementor-widget elementor-widget-heading\" data-id=\"1cb02b5\" data-element_type=\"widget\" data-e-type=\"widget\" data-widget_type=\"heading.default\">\n\t\t\t\t<div class=\"elementor-widget-container\">\n\t\t\t\t\t<h2 class=\"elementor-heading-title elementor-size-default\">Get in touch<\/h2>\t\t\t\t<\/div>\n\t\t\t\t<\/div>\n\t\t\t\t<div class=\"elementor-element elementor-element-44eb20f elementor-button-align-stretch elementor-widget elementor-widget-global elementor-global-1334 elementor-global-602 elementor-widget-form\" data-id=\"44eb20f\" data-element_type=\"widget\" data-e-type=\"widget\" data-settings=\"{&quot;step_next_label&quot;:&quot;Next&quot;,&quot;step_previous_label&quot;:&quot;Previous&quot;,&quot;button_width&quot;:&quot;100&quot;,&quot;step_type&quot;:&quot;number_text&quot;,&quot;step_icon_shape&quot;:&quot;circle&quot;}\" data-widget_type=\"form.default\">\n\t\t\t\t<div class=\"elementor-widget-container\">\n\t\t\t\t\t\t\t<form class=\"elementor-form\" method=\"post\" name=\"Modulo di contatto\">\n\t\t\t<input type=\"hidden\" name=\"post_id\" value=\"1530\"\/>\n\t\t\t<input type=\"hidden\" name=\"form_id\" value=\"44eb20f\"\/>\n\t\t\t<input type=\"hidden\" name=\"referer_title\" value=\"\" \/>\n\n\t\t\t\n\t\t\t<div class=\"elementor-form-fields-wrapper elementor-labels-above\">\n\t\t\t\t\t\t\t\t<div class=\"elementor-field-type-text elementor-field-group elementor-column elementor-field-group-name elementor-col-100 elementor-field-required elementor-mark-required\">\n\t\t\t\t\t\t\t\t\t\t\t\t<label for=\"form-field-name\" class=\"elementor-field-label\">\n\t\t\t\t\t\t\t\tFirst and Last Name\t\t\t\t\t\t\t<\/label>\n\t\t\t\t\t\t\t\t\t\t\t\t\t\t<input size=\"1\" type=\"text\" name=\"form_fields[name]\" id=\"form-field-name\" class=\"elementor-field elementor-size-sm  elementor-field-textual\" required=\"required\">\n\t\t\t\t\t\t\t\t\t\t\t<\/div>\n\t\t\t\t\t\t\t\t<div class=\"elementor-field-type-text elementor-field-group elementor-column elementor-field-group-field_9e64bf9 elementor-col-100\">\n\t\t\t\t\t\t\t\t\t\t\t\t<label for=\"form-field-field_9e64bf9\" class=\"elementor-field-label\">\n\t\t\t\t\t\t\t\tCompany\t\t\t\t\t\t\t<\/label>\n\t\t\t\t\t\t\t\t\t\t\t\t\t\t<input size=\"1\" type=\"text\" name=\"form_fields[field_9e64bf9]\" id=\"form-field-field_9e64bf9\" class=\"elementor-field elementor-size-sm  elementor-field-textual\">\n\t\t\t\t\t\t\t\t\t\t\t<\/div>\n\t\t\t\t\t\t\t\t<div class=\"elementor-field-type-email elementor-field-group elementor-column elementor-field-group-email elementor-col-100 elementor-field-required elementor-mark-required\">\n\t\t\t\t\t\t\t\t\t\t\t\t<label for=\"form-field-email\" class=\"elementor-field-label\">\n\t\t\t\t\t\t\t\tEmail\t\t\t\t\t\t\t<\/label>\n\t\t\t\t\t\t\t\t\t\t\t\t\t\t<input size=\"1\" type=\"email\" name=\"form_fields[email]\" id=\"form-field-email\" class=\"elementor-field elementor-size-sm  elementor-field-textual\" required=\"required\">\n\t\t\t\t\t\t\t\t\t\t\t<\/div>\n\t\t\t\t\t\t\t\t<div class=\"elementor-field-type-text elementor-field-group elementor-column elementor-field-group-field_afd8713 elementor-col-100 elementor-field-required elementor-mark-required\">\n\t\t\t\t\t\t\t\t\t\t\t\t<label for=\"form-field-field_afd8713\" class=\"elementor-field-label\">\n\t\t\t\t\t\t\t\tPhone\t\t\t\t\t\t\t<\/label>\n\t\t\t\t\t\t\t\t\t\t\t\t\t\t<input size=\"1\" type=\"text\" name=\"form_fields[field_afd8713]\" id=\"form-field-field_afd8713\" class=\"elementor-field elementor-size-sm  elementor-field-textual\" required=\"required\">\n\t\t\t\t\t\t\t\t\t\t\t<\/div>\n\t\t\t\t\t\t\t\t<div class=\"elementor-field-type-textarea elementor-field-group elementor-column elementor-field-group-message elementor-col-100 elementor-field-required elementor-mark-required\">\n\t\t\t\t\t\t\t\t\t\t\t\t<label for=\"form-field-message\" class=\"elementor-field-label\">\n\t\t\t\t\t\t\t\tMessage\t\t\t\t\t\t\t<\/label>\n\t\t\t\t\t\t<textarea class=\"elementor-field-textual elementor-field  elementor-size-sm\" name=\"form_fields[message]\" id=\"form-field-message\" rows=\"4\" placeholder=\"Message\" required=\"required\"><\/textarea>\t\t\t\t<\/div>\n\t\t\t\t\t\t\t\t<div class=\"elementor-field-type-text\">\n\t\t\t\t\t<input size=\"1\" type=\"text\" name=\"form_fields[field_e4f712c]\" id=\"form-field-field_e4f712c\" class=\"elementor-field elementor-size-sm \" style=\"display:none !important;\">\t\t\t\t<\/div>\n\t\t\t\t\t\t\t\t<div class=\"elementor-field-type-acceptance elementor-field-group elementor-column elementor-field-group-field_58b70d2 elementor-col-100 elementor-field-required elementor-mark-required\">\n\t\t\t\t\t\t\t<div class=\"elementor-field-subgroup\">\n\t\t\t<span class=\"elementor-field-option\">\n\t\t\t\t<input type=\"checkbox\" name=\"form_fields[field_58b70d2]\" id=\"form-field-field_58b70d2\" class=\"elementor-field elementor-size-sm  elementor-acceptance-field\" required=\"required\">\n\t\t\t\t<label for=\"form-field-field_58b70d2\">I have read the <a href=\"https:\/\/www.iubenda.com\/privacy-policy\/23674425\" target=\"_blank\" rel=\"noopener\">privacy policy<\/a> and agree to the processing of personal data<\/label>\t\t\t<\/span>\n\t\t<\/div>\n\t\t\t\t\t\t<\/div>\n\t\t\t\t\t\t\t\t<div class=\"elementor-field-group elementor-column elementor-field-type-submit elementor-col-100 e-form__buttons\">\n\t\t\t\t\t<button class=\"elementor-button elementor-size-lg\" type=\"submit\">\n\t\t\t\t\t\t<span class=\"elementor-button-content-wrapper\">\n\t\t\t\t\t\t\t\t\t\t\t\t\t\t\t\t\t\t\t\t\t\t<span class=\"elementor-button-text\">Send message<\/span>\n\t\t\t\t\t\t\t\t\t\t\t\t\t<\/span>\n\t\t\t\t\t<\/button>\n\t\t\t\t<\/div>\n\t\t\t<\/div>\n\t\t<\/form>\n\t\t\t\t\t\t<\/div>\n\t\t\t\t<\/div>\n\t\t\t\t\t<\/div>\n\t\t<\/div>\n\t\t\t\t\t<\/div>\n\t\t<\/section>\n\t\t\t\t<section class=\"elementor-section elementor-top-section elementor-element elementor-element-6065d0f elementor-section-full_width elementor-section-height-default elementor-section-height-default\" data-id=\"6065d0f\" data-element_type=\"section\" data-e-type=\"section\">\n\t\t\t\t\t\t<div class=\"elementor-container elementor-column-gap-default\">\n\t\t\t\t\t<div class=\"elementor-column elementor-col-100 elementor-top-column elementor-element elementor-element-2f914d8\" data-id=\"2f914d8\" data-element_type=\"column\" data-e-type=\"column\">\n\t\t\t<div class=\"elementor-widget-wrap elementor-element-populated\">\n\t\t\t\t\t\t<div class=\"elementor-element elementor-element-cd9fe39 elementor-widget elementor-widget-heading\" data-id=\"cd9fe39\" data-element_type=\"widget\" data-e-type=\"widget\" data-widget_type=\"heading.default\">\n\t\t\t\t<div class=\"elementor-widget-container\">\n\t\t\t\t\t<h2 class=\"elementor-heading-title elementor-size-default\">French translation projects<\/h2>\t\t\t\t<\/div>\n\t\t\t\t<\/div>\n\t\t\t\t<div class=\"elementor-element elementor-element-8f015a2 elementor-grid-2 elementor-posts--thumbnail-left elementor-grid-tablet-2 elementor-grid-mobile-1 elementor-widget elementor-widget-posts\" data-id=\"8f015a2\" data-element_type=\"widget\" data-e-type=\"widget\" data-settings=\"{&quot;classic_columns&quot;:&quot;2&quot;,&quot;classic_columns_tablet&quot;:&quot;2&quot;,&quot;classic_columns_mobile&quot;:&quot;1&quot;,&quot;classic_row_gap&quot;:{&quot;unit&quot;:&quot;px&quot;,&quot;size&quot;:35,&quot;sizes&quot;:[]},&quot;classic_row_gap_tablet&quot;:{&quot;unit&quot;:&quot;px&quot;,&quot;size&quot;:&quot;&quot;,&quot;sizes&quot;:[]},&quot;classic_row_gap_mobile&quot;:{&quot;unit&quot;:&quot;px&quot;,&quot;size&quot;:&quot;&quot;,&quot;sizes&quot;:[]}}\" data-widget_type=\"posts.classic\">\n\t\t\t\t<div class=\"elementor-widget-container\">\n\t\t\t\t\t\t\t<div class=\"elementor-posts-container elementor-posts elementor-posts--skin-classic elementor-grid\">\n\t\t\t\t<article class=\"elementor-post elementor-grid-item post-1416 progetto type-progetto status-publish has-post-thumbnail hentry settore-art-and-museums servizio-editorial-translation\">\n\t\t\t\t<a class=\"elementor-post__thumbnail__link\" href=\"https:\/\/nuovotraduttoreletterario.com\/en\/progetto\/leonardo-das-letzte-abendmahl-leonardo-la-cene-leonardo-la-ultima-cena\/\" tabindex=\"-1\">\n\t\t\t<div class=\"elementor-post__thumbnail\"><img fetchpriority=\"high\" decoding=\"async\" width=\"768\" height=\"989\" src=\"https:\/\/nuovotraduttoreletterario.com\/wp-content\/uploads\/2022\/11\/leonardo-la-ultima-cena-768x989.jpg\" class=\"attachment-medium_large size-medium_large wp-image-1141\" alt=\"\" srcset=\"https:\/\/nuovotraduttoreletterario.com\/wp-content\/uploads\/2022\/11\/leonardo-la-ultima-cena-768x989.jpg 768w, https:\/\/nuovotraduttoreletterario.com\/wp-content\/uploads\/2022\/11\/leonardo-la-ultima-cena-233x300.jpg 233w, https:\/\/nuovotraduttoreletterario.com\/wp-content\/uploads\/2022\/11\/leonardo-la-ultima-cena-795x1024.jpg 795w, https:\/\/nuovotraduttoreletterario.com\/wp-content\/uploads\/2022\/11\/leonardo-la-ultima-cena.jpg 1000w\" sizes=\"(max-width: 768px) 100vw, 768px\" \/><\/div>\n\t\t<\/a>\n\t\t\t\t<div class=\"elementor-post__text\">\n\t\t\t\t<h3 class=\"elementor-post__title\">\n\t\t\t<a href=\"https:\/\/nuovotraduttoreletterario.com\/en\/progetto\/leonardo-das-letzte-abendmahl-leonardo-la-cene-leonardo-la-ultima-cena\/\">\n\t\t\t\tLeonardo. Das letzte Abendmahl \/ Leonardo. La C\u00e8ne \/ Leonardo. La \u00faltima cena\t\t\t<\/a>\n\t\t<\/h3>\n\t\t\t\t<div class=\"elementor-post__excerpt\">\n\t\t\t<p>We had the pleasure of handling the translation into three languages of this compact but dense monograph dedicated to Leonardo&#8217;s Last Supper. Written by distinguished<\/p>\n\t\t<\/div>\n\t\t\n\t\t<a class=\"elementor-post__read-more\" href=\"https:\/\/nuovotraduttoreletterario.com\/en\/progetto\/leonardo-das-letzte-abendmahl-leonardo-la-cene-leonardo-la-ultima-cena\/\" aria-label=\"Read more about Leonardo. Das letzte Abendmahl \/ Leonardo. La C\u00e8ne \/ Leonardo. La \u00faltima cena\" tabindex=\"-1\">\n\t\t\tFind out more \u00bb\t\t<\/a>\n\n\t\t\t\t<\/div>\n\t\t\t\t<\/article>\n\t\t\t\t<article class=\"elementor-post elementor-grid-item post-1388 progetto type-progetto status-publish has-post-thumbnail hentry settore-non-fiction servizio-editorial-translation\">\n\t\t\t\t<a class=\"elementor-post__thumbnail__link\" href=\"https:\/\/nuovotraduttoreletterario.com\/en\/progetto\/zimbardo-mi-vida-al-descubierto-zimbardo-die-geschichte-meines-lebens-zimbardo-ma-vie-revelee\/\" tabindex=\"-1\">\n\t\t\t<div class=\"elementor-post__thumbnail\"><img decoding=\"async\" width=\"768\" height=\"1152\" src=\"https:\/\/nuovotraduttoreletterario.com\/wp-content\/uploads\/2022\/10\/zimbardo-ntl-768x1152.jpg\" class=\"attachment-medium_large size-medium_large wp-image-1091\" alt=\"\" srcset=\"https:\/\/nuovotraduttoreletterario.com\/wp-content\/uploads\/2022\/10\/zimbardo-ntl-768x1152.jpg 768w, https:\/\/nuovotraduttoreletterario.com\/wp-content\/uploads\/2022\/10\/zimbardo-ntl-200x300.jpg 200w, https:\/\/nuovotraduttoreletterario.com\/wp-content\/uploads\/2022\/10\/zimbardo-ntl-683x1024.jpg 683w, https:\/\/nuovotraduttoreletterario.com\/wp-content\/uploads\/2022\/10\/zimbardo-ntl-1024x1536.jpg 1024w, https:\/\/nuovotraduttoreletterario.com\/wp-content\/uploads\/2022\/10\/zimbardo-ntl-1365x2048.jpg 1365w, https:\/\/nuovotraduttoreletterario.com\/wp-content\/uploads\/2022\/10\/zimbardo-ntl.jpg 1400w\" sizes=\"(max-width: 768px) 100vw, 768px\" \/><\/div>\n\t\t<\/a>\n\t\t\t\t<div class=\"elementor-post__text\">\n\t\t\t\t<h3 class=\"elementor-post__title\">\n\t\t\t<a href=\"https:\/\/nuovotraduttoreletterario.com\/en\/progetto\/zimbardo-mi-vida-al-descubierto-zimbardo-die-geschichte-meines-lebens-zimbardo-ma-vie-revelee\/\">\n\t\t\t\tZimbardo. Mi vida al descubierto \/ Zimbardo. Die Geschichte meines Lebens \/ Zimbardo. Ma vie r\u00e9v\u00e9l\u00e9e\t\t\t<\/a>\n\t\t<\/h3>\n\t\t\t\t<div class=\"elementor-post__excerpt\">\n\t\t\t<p>This biography of the legendary American psychologist Philip Zimbardo covers his childhood in the Bronx in a family of Italian origin, his university education, his<\/p>\n\t\t<\/div>\n\t\t\n\t\t<a class=\"elementor-post__read-more\" href=\"https:\/\/nuovotraduttoreletterario.com\/en\/progetto\/zimbardo-mi-vida-al-descubierto-zimbardo-die-geschichte-meines-lebens-zimbardo-ma-vie-revelee\/\" aria-label=\"Read more about Zimbardo. Mi vida al descubierto \/ Zimbardo. Die Geschichte meines Lebens \/ Zimbardo. Ma vie r\u00e9v\u00e9l\u00e9e\" tabindex=\"-1\">\n\t\t\tFind out more \u00bb\t\t<\/a>\n\n\t\t\t\t<\/div>\n\t\t\t\t<\/article>\n\t\t\t\t<article class=\"elementor-post elementor-grid-item post-1424 progetto type-progetto status-publish has-post-thumbnail hentry settore-art-and-museums settore-tourism servizio-editorial-translation\">\n\t\t\t\t<a class=\"elementor-post__thumbnail__link\" href=\"https:\/\/nuovotraduttoreletterario.com\/en\/progetto\/das-neue-museo-opera-del-duomo\/\" tabindex=\"-1\">\n\t\t\t<div class=\"elementor-post__thumbnail\"><img decoding=\"async\" width=\"358\" height=\"500\" src=\"https:\/\/nuovotraduttoreletterario.com\/wp-content\/uploads\/2022\/10\/il-nuovo-museo-opera-del-duomo.jpg\" class=\"attachment-medium_large size-medium_large wp-image-1115\" alt=\"\" srcset=\"https:\/\/nuovotraduttoreletterario.com\/wp-content\/uploads\/2022\/10\/il-nuovo-museo-opera-del-duomo.jpg 358w, https:\/\/nuovotraduttoreletterario.com\/wp-content\/uploads\/2022\/10\/il-nuovo-museo-opera-del-duomo-215x300.jpg 215w\" sizes=\"(max-width: 358px) 100vw, 358px\" \/><\/div>\n\t\t<\/a>\n\t\t\t\t<div class=\"elementor-post__text\">\n\t\t\t\t<h3 class=\"elementor-post__title\">\n\t\t\t<a href=\"https:\/\/nuovotraduttoreletterario.com\/en\/progetto\/das-neue-museo-opera-del-duomo\/\">\n\t\t\t\tDas Neue Museo dell\u2019Opera del Duomo \/ El nuevo Museo dell\u2019Opera del Duomo \/ Le nouveau Museo dell\u2019Opera del Duomo \/ \u041d\u043e\u0432\u044b\u0439 \u041c\u0443\u0437\u0435\u0439 \u041e\u043f\u0435\u0440\u0430 \u0434\u0435\u043b\u044c \u0414\u0443\u043e\u043c\u043e\t\t\t<\/a>\n\t\t<\/h3>\n\t\t\t\t<div class=\"elementor-post__excerpt\">\n\t\t\t<p>This is the complete guide to the Museo dell\u2019Opera del Duomo in Florence after the new displays inaugurated in 2015. It contains in-depth descriptions of<\/p>\n\t\t<\/div>\n\t\t\n\t\t<a class=\"elementor-post__read-more\" href=\"https:\/\/nuovotraduttoreletterario.com\/en\/progetto\/das-neue-museo-opera-del-duomo\/\" aria-label=\"Read more about Das Neue Museo dell\u2019Opera del Duomo \/ El nuevo Museo dell\u2019Opera del Duomo \/ Le nouveau Museo dell\u2019Opera del Duomo \/ \u041d\u043e\u0432\u044b\u0439 \u041c\u0443\u0437\u0435\u0439 \u041e\u043f\u0435\u0440\u0430 \u0434\u0435\u043b\u044c \u0414\u0443\u043e\u043c\u043e\" tabindex=\"-1\">\n\t\t\tFind out more \u00bb\t\t<\/a>\n\n\t\t\t\t<\/div>\n\t\t\t\t<\/article>\n\t\t\t\t<article class=\"elementor-post elementor-grid-item post-1472 progetto type-progetto status-publish has-post-thumbnail hentry settore-young-people servizio-editorial-translation\">\n\t\t\t\t<a class=\"elementor-post__thumbnail__link\" href=\"https:\/\/nuovotraduttoreletterario.com\/en\/progetto\/i-leoni-non-mangiano-crocchette\/\" tabindex=\"-1\">\n\t\t\t<div class=\"elementor-post__thumbnail\"><img loading=\"lazy\" decoding=\"async\" width=\"536\" height=\"691\" src=\"https:\/\/nuovotraduttoreletterario.com\/wp-content\/uploads\/2022\/11\/i-leoni-non-mangiano-crocchette.jpg\" class=\"attachment-medium_large size-medium_large wp-image-1156\" alt=\"\" srcset=\"https:\/\/nuovotraduttoreletterario.com\/wp-content\/uploads\/2022\/11\/i-leoni-non-mangiano-crocchette.jpg 536w, https:\/\/nuovotraduttoreletterario.com\/wp-content\/uploads\/2022\/11\/i-leoni-non-mangiano-crocchette-233x300.jpg 233w\" sizes=\"(max-width: 536px) 100vw, 536px\" \/><\/div>\n\t\t<\/a>\n\t\t\t\t<div class=\"elementor-post__text\">\n\t\t\t\t<h3 class=\"elementor-post__title\">\n\t\t\t<a href=\"https:\/\/nuovotraduttoreletterario.com\/en\/progetto\/i-leoni-non-mangiano-crocchette\/\">\n\t\t\t\tI leoni non mangiano crocchette\t\t\t<\/a>\n\t\t<\/h3>\n\t\t\t\t<div class=\"elementor-post__excerpt\">\n\t\t\t<p>Is there any better weapon than humour for communicating with children? Humour makes the unacceptable acceptable, helps them to face the worst case scenario with<\/p>\n\t\t<\/div>\n\t\t\n\t\t<a class=\"elementor-post__read-more\" href=\"https:\/\/nuovotraduttoreletterario.com\/en\/progetto\/i-leoni-non-mangiano-crocchette\/\" aria-label=\"Read more about I leoni non mangiano crocchette\" tabindex=\"-1\">\n\t\t\tFind out more \u00bb\t\t<\/a>\n\n\t\t\t\t<\/div>\n\t\t\t\t<\/article>\n\t\t\t\t<\/div>\n\t\t\n\t\t\t\t\t\t<\/div>\n\t\t\t\t<\/div>\n\t\t\t\t\t<\/div>\n\t\t<\/div>\n\t\t\t\t\t<\/div>\n\t\t<\/section>\n\t\t\t\t<\/div>\n\t\t","protected":false},"excerpt":{"rendered":"<p>Home \u00bb Languages \u00bb French translations We translate and adapt specific texts and audio into and from French in all sectors, from translation for publishers, to art, non-fiction, tourism, architecture, children\u2019s literature and transcreation, in addition to the main editorial services such as revision, editing and proofreading. Italian-French translation agency and vice versa Consistent quality [&hellip;]<\/p>\n","protected":false},"author":1,"featured_media":1162,"parent":1516,"menu_order":0,"comment_status":"closed","ping_status":"closed","template":"elementor_header_footer","meta":{"_acf_changed":false,"footnotes":""},"class_list":["post-1530","page","type-page","status-publish","has-post-thumbnail","hentry"],"acf":[],"_links":{"self":[{"href":"https:\/\/nuovotraduttoreletterario.com\/en\/wp-json\/wp\/v2\/pages\/1530","targetHints":{"allow":["GET"]}}],"collection":[{"href":"https:\/\/nuovotraduttoreletterario.com\/en\/wp-json\/wp\/v2\/pages"}],"about":[{"href":"https:\/\/nuovotraduttoreletterario.com\/en\/wp-json\/wp\/v2\/types\/page"}],"author":[{"embeddable":true,"href":"https:\/\/nuovotraduttoreletterario.com\/en\/wp-json\/wp\/v2\/users\/1"}],"replies":[{"embeddable":true,"href":"https:\/\/nuovotraduttoreletterario.com\/en\/wp-json\/wp\/v2\/comments?post=1530"}],"version-history":[{"count":5,"href":"https:\/\/nuovotraduttoreletterario.com\/en\/wp-json\/wp\/v2\/pages\/1530\/revisions"}],"predecessor-version":[{"id":1541,"href":"https:\/\/nuovotraduttoreletterario.com\/en\/wp-json\/wp\/v2\/pages\/1530\/revisions\/1541"}],"up":[{"embeddable":true,"href":"https:\/\/nuovotraduttoreletterario.com\/en\/wp-json\/wp\/v2\/pages\/1516"}],"wp:featuredmedia":[{"embeddable":true,"href":"https:\/\/nuovotraduttoreletterario.com\/en\/wp-json\/wp\/v2\/media\/1162"}],"wp:attachment":[{"href":"https:\/\/nuovotraduttoreletterario.com\/en\/wp-json\/wp\/v2\/media?parent=1530"}],"curies":[{"name":"wp","href":"https:\/\/api.w.org\/{rel}","templated":true}]}}